{"id":58,"date":"2011-03-11T12:28:33","date_gmt":"2011-03-11T10:28:33","guid":{"rendered":"http:\/\/www.travellermagazin.ro\/arhiva\/?page_id=58"},"modified":"2023-01-22T14:38:06","modified_gmt":"2023-01-22T12:38:06","slug":"contact-revista-traveller-magazin","status":"publish","type":"page","link":"http:\/\/www.travellermagazin.ro\/arhiva\/contact-revista-traveller-magazin\/","title":{"rendered":"Contact"},"content":{"rendered":"<a  href='http:\/\/www.travellermagazin.ro\/arhiva\/wp-admin\/options-general.php?page=post_views' class='entry-meta' style='text-align:center'><b>Post Views<\/a><\/b> = 4887<br\/><p><strong>ADRES\u0102<\/strong>: Bulevardul Ion Mihalache, nr.315, Vila G, Sc. A, Ap.8, et.1, sector 1, Bucure\u015fti, cod 011183, Rom\u00e2nia. Web site: <a href=\"http:\/\/www.travellermagazin.ro\" target=\"_blank\" rel=\"noopener noreferrer\">www.travellermagazin.ro<\/a><\/p>\n<p><strong>CONTACT:<\/strong><br \/>\nTelefon: 0753 944 864<br \/>\nDoina Constantinescu \u2013 Director general<br \/>\n<a href=\"mailto:editor@travellermagazin.ro \">editor@travellermagazin.ro <\/a><br \/>\nMarian Constantinescu \u2013 Redactor \u015fef<br \/>\n<a href=\"mailto:staff@travellermagazin.ro \">staff@travellermagazin.ro <\/a><br \/>\nS\u00eenziana Constantinescu \u2013 \u015eef departament interna\u0163ional<br \/>\n<a href=\"mailto:advertising@travellermagazin.ro\">advertising@travellermagazin.ro<\/a><\/p>\n<p>&nbsp;<\/p>\n<p><iframe loading=\"lazy\" src=\"https:\/\/www.youtube.com\/embed\/hzVZBk6qOhw\" width=\"560\" height=\"315\" frameborder=\"0\" allowfullscreen=\"allowfullscreen\"><\/iframe><\/p>\n<p><iframe loading=\"lazy\" src=\"https:\/\/www.youtube.com\/embed\/RYrwbyLAL4U\" width=\"560\" height=\"315\" frameborder=\"0\" allowfullscreen=\"allowfullscreen\"><\/iframe><\/p>\n","protected":false},"excerpt":{"rendered":"<p>Post Views = 4887ADRES\u0102: Bulevardul Ion Mihalache, nr.315, Vila G, Sc. A, Ap.8, et.1, sector 1, Bucure\u015fti, cod 011183, Rom\u00e2nia. Web site: www.travellermagazin.ro CONTACT: Telefon: 0753 944 864 Doina Constantinescu \u2013 Director general editor@travellermagazin.ro Marian Constantinescu \u2013 Redactor \u015fef staff@travellermagazin.ro &hellip; <a href=\"http:\/\/www.travellermagazin.ro\/arhiva\/contact-revista-traveller-magazin\/\">Continu\u0103 s\u0103 cite\u0219ti <span class=\"meta-nav\">&rarr;<\/span><\/a><\/p>\n","protected":false},"author":1,"featured_media":0,"parent":0,"menu_order":0,"comment_status":"open","ping_status":"open","template":"","meta":{"footnotes":""},"class_list":["post-58","page","type-page","status-publish","hentry"],"_links":{"self":[{"href":"http:\/\/www.travellermagazin.ro\/arhiva\/wp-json\/wp\/v2\/pages\/58","targetHints":{"allow":["GET"]}}],"collection":[{"href":"http:\/\/www.travellermagazin.ro\/arhiva\/wp-json\/wp\/v2\/pages"}],"about":[{"href":"http:\/\/www.travellermagazin.ro\/arhiva\/wp-json\/wp\/v2\/types\/page"}],"author":[{"embeddable":true,"href":"http:\/\/www.travellermagazin.ro\/arhiva\/wp-json\/wp\/v2\/users\/1"}],"replies":[{"embeddable":true,"href":"http:\/\/www.travellermagazin.ro\/arhiva\/wp-json\/wp\/v2\/comments?post=58"}],"version-history":[{"count":7,"href":"http:\/\/www.travellermagazin.ro\/arhiva\/wp-json\/wp\/v2\/pages\/58\/revisions"}],"predecessor-version":[{"id":7280,"href":"http:\/\/www.travellermagazin.ro\/arhiva\/wp-json\/wp\/v2\/pages\/58\/revisions\/7280"}],"wp:attachment":[{"href":"http:\/\/www.travellermagazin.ro\/arhiva\/wp-json\/wp\/v2\/media?parent=58"}],"curies":[{"name":"wp","href":"https:\/\/api.w.org\/{rel}","templated":true}]}}