{"id":53,"date":"2011-03-11T12:18:12","date_gmt":"2011-03-11T10:18:12","guid":{"rendered":"http:\/\/www.travellermagazin.ro\/arhiva\/?page_id=53"},"modified":"2023-01-22T14:36:00","modified_gmt":"2023-01-22T12:36:00","slug":"despre-editura","status":"publish","type":"page","link":"http:\/\/www.travellermagazin.ro\/arhiva\/despre-editura\/","title":{"rendered":"Editura"},"content":{"rendered":"<a  href='http:\/\/www.travellermagazin.ro\/arhiva\/wp-admin\/options-general.php?page=post_views' class='entry-meta' style='text-align:center'><b>Post Views<\/a><\/b> = 2951<br\/><p>CONVEXUS 2000 IMPEX SRL este o Cas\u0103 editorial\u0103 \u015fi de advertising care a fost fondat\u0103 \u00een 1992.<br \/>\nActivit\u0103\u0163ile au fost concentrate pe editarea a dou\u0103 publica\u0163ii de turism. \u00cen perioada 1997-2002 a lansat \u015fi derulat proiectul &#8222;ZIUA TURISTIC\u0102&#8221; \u00een asociere cu societatea Omega Press Investment &#8211; editorul cotidianului &#8222;ZIUA&#8221;. El a marcat apari\u0163ia primului s\u0103pt\u0103m\u00e2nal modern de turism din Rom\u00e2nia. Din 2004, a fost lansat pe pia\u0163\u0103, un nou brand, marc\u0103 \u00eenregistrat\u0103 la Oficiul de Stat pentru Inven\u0163ii \u015fi M\u0103rci (OSIM) &#8211; TRAVELLER MAGAZIN, revist\u0103 lunar\u0103, a industriei ospitalit\u0103\u0163ii din Rom\u00e2nia. Echipa editorial\u0103 a continuat experien\u0163a profesional\u0103 a primei publica\u0163ii, dezvolt\u00e2nd-o \u00eentr-un format profesional de calitate superioar\u0103.<\/p>\n<p>CONVEXUS 2000 a conceput \u015fi deruleaz\u0103 numeroase campanii \u015fi programe de publicitate, de promovare prin publica\u0163iile, bro\u015furile, pliantele de turism produse. Compania a sus\u0163inut \u015fi sus\u0163ine imaginea unor prestigioase institu\u0163ii \u015fi grupuri de afaceri, printre care: Autorit\u0103\u0163i, administra\u0163ii ori ministere ale Turismului din Rom\u00e2nia, Ungaria, Cipru, Africa de Sud, Grecia, SUA, Turcia, Thailanda; Asocia\u0163ia Na\u0163ional\u0103 a Agen\u0163iilor de Turism (ANAT), Asocia\u0163ia Na\u0163ional\u0103 a Buc\u0103tarilor \u015fi Cofetarilor din Turism (ANBCT), Federa\u0163ia Industriei Hoteliere din Rom\u00e2nia (FIHR), Federa\u0163ia Patronatelor din Turismul Rom\u00e2nesc (FPTR), Asocia\u0163ia Na\u0163ional\u0103 de Turism Rural, Ecologic \u015fi Cultural (ANTREC); Accor (Sofitel, Novotel, Ibis), CHIR Inter-Continental, Continental Hotels, Majestic-Ramada, Minerva, Bucure\u015fti SA, Ambasador SA, Capitol SA, Capital Plaza, Phoenicia Hotels, Peacock Hotels, Concept Hotels, Fivestar Hospitality, <a title=\"portal turism Romania\" href=\"http:\/\/www.infotravelromania.ro\" target=\"_blank\" rel=\"noopener noreferrer\">InfoTravelRomania<\/a>, Danubius Travel Agency \u2013TUI, Accent Travel &amp; Events, Transilvania Travel, Mamaia SA, Olimpic Interna\u0163ional, Aerotravel, Happy Tour, Atlantic Tour, Nova Touring, ING Development, Paralela 45, Prestige Tour, Marshal, Eximtur, Mareea, Blue Line, ONT Carpa\u0163i, Invitation Romania, Dagecom, Ali Baba GTC, Malta Travel, Magellan Turism, Worldspan, Travelport, THR-CG, Air France, Blue Air, Romanian Airport Services, Emirates, Czech Airlines, Romexpo, Apel Industries, TC Net, Elite Guard, Compaq, Epson etc.<\/p>\n<p>\u00cen ceea ce prive\u015fte produc\u0163ia de c\u0103r\u0163i, editura a avut la \u00eenceput un concept generalist, lans\u00e2nd pe pia\u0163\u0103 c\u0103r\u0163i pentru copii (Primul meu alfabet de colorat \u2013 Adriana L\u0103z\u0103rescu \u2013 edi\u0163ii \u00een francez\u0103 \u015fi italian\u0103, 1994 \u015fi 2002, Regina Nop\u0163ilor \u2013 Marian Constantinescu, 1996); de poezie (Paradisul de pia\u0163\u0103 \u2013 Marian Constantinescu, 1992), de beletristic\u0103 (Romanii la Herculane \u2013 Vasile B\u0103ran, 2003, Doctor de suflete &#8211; D.Grigorescu 2022), de politologie (Dezechilibrele anului 2000 \u2013 Luigi Preti, 1999), de gastronomie (Fiziologia gustului \u2013 medita\u0163ii gastronomice, de Brillat de Savarin, edi\u0163ie ilustrat\u0103, coordonat\u0103 de Adriana L\u0103z\u0103rescu, 2003), etc.<\/p>\n<p>Editura s-a specializat pe publicarea c\u0103r\u0163ilor de turism care s-au bucurat de o bun\u0103 apreciere. Volumele \u201c\u00cen turism e vremea lupilor tineri\u201d-1997, \u201cTurismul \u2013 a cincea roat\u0103 la c\u0103ru\u0163\u0103\u201d-2003, \u201c\u00cen c\u0103utarea lupilor tineri \u2013 dup\u0103 10 ani\u201d-2008, \u201cCine las\u0103 u\u015file deschise \u00een turism\u201d-2009,\u00a0 \u201eDe la Badea C\u00e2r\u021ban la Blond 007\u201d\u00a0 &#8211; 2021 semnate de cunoscutul scriitor de turism Marian Constantinescu, au devenit veritabile best-selleruri turistice.<br \/>\nO parte dintre lucr\u0103ri au fost distinse cu premii \u015fi diplome na\u0163ionale ori interna\u0163ionale conferite de Ministerul Turismului, organiza\u0163ii \u015fi asocia\u0163ii profesionale.<\/p>\n","protected":false},"excerpt":{"rendered":"<p>Post Views = 2951CONVEXUS 2000 IMPEX SRL este o Cas\u0103 editorial\u0103 \u015fi de advertising care a fost fondat\u0103 \u00een 1992. Activit\u0103\u0163ile au fost concentrate pe editarea a dou\u0103 publica\u0163ii de turism. \u00cen perioada 1997-2002 a lansat \u015fi derulat proiectul &#8222;ZIUA &hellip; <a href=\"http:\/\/www.travellermagazin.ro\/arhiva\/despre-editura\/\">Continu\u0103 s\u0103 cite\u0219ti <span class=\"meta-nav\">&rarr;<\/span><\/a><\/p>\n","protected":false},"author":1,"featured_media":0,"parent":0,"menu_order":0,"comment_status":"open","ping_status":"open","template":"","meta":{"footnotes":""},"class_list":["post-53","page","type-page","status-publish","hentry"],"_links":{"self":[{"href":"http:\/\/www.travellermagazin.ro\/arhiva\/wp-json\/wp\/v2\/pages\/53","targetHints":{"allow":["GET"]}}],"collection":[{"href":"http:\/\/www.travellermagazin.ro\/arhiva\/wp-json\/wp\/v2\/pages"}],"about":[{"href":"http:\/\/www.travellermagazin.ro\/arhiva\/wp-json\/wp\/v2\/types\/page"}],"author":[{"embeddable":true,"href":"http:\/\/www.travellermagazin.ro\/arhiva\/wp-json\/wp\/v2\/users\/1"}],"replies":[{"embeddable":true,"href":"http:\/\/www.travellermagazin.ro\/arhiva\/wp-json\/wp\/v2\/comments?post=53"}],"version-history":[{"count":7,"href":"http:\/\/www.travellermagazin.ro\/arhiva\/wp-json\/wp\/v2\/pages\/53\/revisions"}],"predecessor-version":[{"id":7279,"href":"http:\/\/www.travellermagazin.ro\/arhiva\/wp-json\/wp\/v2\/pages\/53\/revisions\/7279"}],"wp:attachment":[{"href":"http:\/\/www.travellermagazin.ro\/arhiva\/wp-json\/wp\/v2\/media?parent=53"}],"curies":[{"name":"wp","href":"https:\/\/api.w.org\/{rel}","templated":true}]}}