{"id":51,"date":"2011-03-11T12:06:51","date_gmt":"2011-03-11T10:06:51","guid":{"rendered":"http:\/\/www.travellermagazin.ro\/arhiva\/?page_id=51"},"modified":"2023-03-16T10:44:45","modified_gmt":"2023-03-16T08:44:45","slug":"despre-revista","status":"publish","type":"page","link":"http:\/\/www.travellermagazin.ro\/arhiva\/despre-revista\/","title":{"rendered":"Despre revista"},"content":{"rendered":"<a  href='http:\/\/www.travellermagazin.ro\/arhiva\/wp-admin\/options-general.php?page=post_views' class='entry-meta' style='text-align:center'><b>Post Views<\/a><\/b> = 3085<br\/><p><strong>Ce este \u201cTRAVELLER MAGAZIN\u201d ?<\/strong><\/p>\n<div id=\"attachment_28\" style=\"width: 210px\" class=\"wp-caption alignleft\"><a href=\"http:\/\/www.travellermagazin.ro\/arhiva\/wp-content\/uploads\/2011\/03\/coperta_81.jpg\"><img loading=\"lazy\" decoding=\"async\" aria-describedby=\"caption-attachment-28\" class=\"size-full wp-image-28\" title=\"Revista Traveller Magazin nr.81\" src=\"http:\/\/www.travellermagazin.ro\/arhiva\/wp-content\/uploads\/2011\/03\/coperta_81_mica.jpg\" alt=\"Revista Traveller Magazin nr.81\" width=\"200\" height=\"284\" \/><\/a><p id=\"caption-attachment-28\" class=\"wp-caption-text\">Revista Traveller Magazin nr.81<\/p><\/div>\n<p>&#8211; Noul concept a fost lansat pe pia\u0163\u0103 \u00een luna aprilie 2004. Publica\u0163ia este promovat\u0103 ca \u201cRevista industriei ospitalit\u0103\u0163ii din Rom\u00e2nia\u201d. Marca e \u00eenregistrat\u0103 la OSIM cu nr. 061223. Sloganul de referin\u0163\u0103 este \u201cProfesioni\u015ftii recunosc profesioni\u015ftii!\u201d<\/p>\n<p>&#8211; O revist\u0103 lunar\u0103, format A4, full-color, cu un num\u0103r de pagini cuprins \u00eentre 24 \u015fi 32 de pagini, plus 4 coper\u0163i. Tirajul e targetat la circa 10.000 de cititori. Distribu\u0163ia se face pe baz\u0103 de abonamente pre-pl\u0103tite (5 de lei\/exemplar, 60 de lei pe 1 an), dar \u015fi promo\u0163ional, \u00een cadrul unor parteneriate de marketing \u015fi evenimente (t\u00e2rguri de turism, simpozioane, work-shopuri, congrese, reuniuni). <strong>Din anul 2020 apare numai in format online.<\/strong> Editiile speciale print apar numai la cererea investitorilor.<\/p>\n<p>-TRAVELLER MAGAZIN acoper\u0103 segmentele de comunicare dintre domeniile privat \u015fi public. Revista se adreseaz\u0103 \u00een principal produc\u0103torilor din industria turistic\u0103 (hotel\u0103rie, restaura\u0163ie, agen\u0163ii de turism, \u00eenv\u0103\u0163\u0103m\u00e2nt pre \u015fi universitar cu acest profil, consultan\u0163\u0103, transporturi aeriene, navale, feroviare, rent-a-car etc) \u015fi, \u00een aceea\u015fi m\u0103sur\u0103, cititorilor individuali din \u0163ar\u0103 dar \u015fi din str\u0103in\u0103tate. De asemenea ea este distribuit\u0103 \u00een institu\u0163ii publice, ambasade, organiza\u0163ii europene \u015fi mondiale, \u00een companii bancare, de asigur\u0103ri, de investi\u0163ii imobiliare \u015fi financiare. Publica\u0163ia are o arie extins\u0103 de adresabilitate, con\u0163in\u00e2nd \u015fi 2 pagini \u00een limba englez\u0103, \u00een care sunt prezentate nout\u0103\u0163ile ap\u0103rute \u00een turismul rom\u00e2nesc.<\/p>\n<p>&#8211; TRAVELLER MAGAZIN are drept \u0163int\u0103 mediul de business-travel, consolid\u00e2nd pe de o parte industria hotelier\u0103, iar pe de alt\u0103 parte pe cea a c\u0103l\u0103toriilor \u015fi serviciilor conexe acesteia. Publica\u0163ia este \u015fi un liant informa\u0163ional \u00eentre organiza\u0163iile \u015fi asocia\u0163iile profesionale, patronale, locale, regionale de turism.<\/p>\n<p>&#8211; CE CON\u0162INE ? Principalele sec\u0163iuni tematice ale revistei sunt \u2013 Editorial, Evenimente, Hotel, Travel, Focus, Prim plan, Redescoper\u0103 Rom\u00e2nia, Tranzit, Mapamond, Cum e la al\u0163ii !, Bibliotec\u0103, Shop etc. Al\u0103turi de acestea se reg\u0103sesc rubrici de analiz\u0103 \u015fi dezbateri de genul &#8211; Semnal, Accent, Asta se discut\u0103, Se va vorbi m\u00e2ine, Tendin\u0163e, Tranzac\u0163ii. Sunt publicate periodic analize \u015fi statistici ale turismului intern \u015fi interna\u0163ional, comentate de speciali\u015fti din cadrul unor organiza\u0163ii ca OMT, WTTC, ASTA, IATA, CECTA, UFTAA, ECTAA, IH&amp;RA, PATA, US TRAVEL ASSOCIATION, ori reprezentan\u0163i ai marilor t\u00e2rguri interna\u0163ionale de turism.<\/p>\n<p>&#8211; TRAVELLER MAGAZIN insereaz\u0103 \u00een paginile sale destina\u0163ii na\u0163ionale, interna\u0163ionale dar \u015fi produse autohtone vandabile pe plan mondial. Principalele rubrici sunt focusate pe promotori ai unor idei \u015fi ac\u0163iuni valoroase, ai imaginii de succes \u00een afaceri \u00een turism, pe valori universale ale patrimoniului cultural, istoric, arhitectural, ecologic, cu recomand\u0103rile de rigoare pentru vizitatori. Revista insereaz\u0103 \u015fi fragmente ori articole din publica\u0163ii str\u0103ine, ce fac referin\u0163\u0103 la atrac\u0163iile turistice ale Rom\u00e2niei.<\/p>\n","protected":false},"excerpt":{"rendered":"<p>Post Views = 3085Ce este \u201cTRAVELLER MAGAZIN\u201d ? &#8211; Noul concept a fost lansat pe pia\u0163\u0103 \u00een luna aprilie 2004. Publica\u0163ia este promovat\u0103 ca \u201cRevista industriei ospitalit\u0103\u0163ii din Rom\u00e2nia\u201d. Marca e \u00eenregistrat\u0103 la OSIM cu nr. 061223. Sloganul de referin\u0163\u0103 &hellip; <a href=\"http:\/\/www.travellermagazin.ro\/arhiva\/despre-revista\/\">Continu\u0103 s\u0103 cite\u0219ti <span class=\"meta-nav\">&rarr;<\/span><\/a><\/p>\n","protected":false},"author":1,"featured_media":0,"parent":0,"menu_order":0,"comment_status":"open","ping_status":"open","template":"","meta":{"footnotes":""},"class_list":["post-51","page","type-page","status-publish","hentry"],"_links":{"self":[{"href":"http:\/\/www.travellermagazin.ro\/arhiva\/wp-json\/wp\/v2\/pages\/51","targetHints":{"allow":["GET"]}}],"collection":[{"href":"http:\/\/www.travellermagazin.ro\/arhiva\/wp-json\/wp\/v2\/pages"}],"about":[{"href":"http:\/\/www.travellermagazin.ro\/arhiva\/wp-json\/wp\/v2\/types\/page"}],"author":[{"embeddable":true,"href":"http:\/\/www.travellermagazin.ro\/arhiva\/wp-json\/wp\/v2\/users\/1"}],"replies":[{"embeddable":true,"href":"http:\/\/www.travellermagazin.ro\/arhiva\/wp-json\/wp\/v2\/comments?post=51"}],"version-history":[{"count":6,"href":"http:\/\/www.travellermagazin.ro\/arhiva\/wp-json\/wp\/v2\/pages\/51\/revisions"}],"predecessor-version":[{"id":7402,"href":"http:\/\/www.travellermagazin.ro\/arhiva\/wp-json\/wp\/v2\/pages\/51\/revisions\/7402"}],"wp:attachment":[{"href":"http:\/\/www.travellermagazin.ro\/arhiva\/wp-json\/wp\/v2\/media?parent=51"}],"curies":[{"name":"wp","href":"https:\/\/api.w.org\/{rel}","templated":true}]}}