{"id":465,"date":"2011-07-13T01:11:25","date_gmt":"2011-07-12T23:11:25","guid":{"rendered":"http:\/\/www.travellermagazin.ro\/arhiva\/?page_id=465"},"modified":"2023-03-21T12:17:43","modified_gmt":"2023-03-21T10:17:43","slug":"carti-de-vanzare","status":"publish","type":"page","link":"http:\/\/www.travellermagazin.ro\/arhiva\/carti-de-vanzare\/","title":{"rendered":"Carti de vanzare"},"content":{"rendered":"<a  href='http:\/\/www.travellermagazin.ro\/arhiva\/wp-admin\/options-general.php?page=post_views' class='entry-meta' style='text-align:center'><b>Post Views<\/a><\/b> = 3150<br\/><h1 align=\"LEFT\"><span style=\"color: #ff0000;\"><span lang=\"en-US\"><strong><span lang=\"ro-RO\">NOU! <\/span><\/strong><strong><span lang=\"ro-RO\">NOU! <\/span><\/strong><\/span><\/span><span lang=\"en-US\"><strong><span lang=\"ro-RO\"><span style=\"color: #ff0000;\">NOU!<\/span><br \/>\n<\/span><\/strong><\/span><span style=\"font-size: large;\"><span lang=\"en-US\"><strong><span lang=\"ro-RO\">\u00a0De la Badea C\u00e2r\u021ban la Blond 007<br \/>\n<\/span><\/strong><\/span><\/span><\/h1>\n<p><a href=\"http:\/\/www.travellermagazin.ro\/arhiva\/wp-content\/uploads\/2023\/01\/Coperta-De-la-Badea-Cartan-la-Blond-007.jpg\"><img loading=\"lazy\" decoding=\"async\" class=\"alignleft wp-image-7295\" src=\"http:\/\/www.travellermagazin.ro\/arhiva\/wp-content\/uploads\/2023\/01\/Coperta-De-la-Badea-Cartan-la-Blond-007.jpg\" alt=\"\" width=\"230\" height=\"323\" srcset=\"http:\/\/www.travellermagazin.ro\/arhiva\/wp-content\/uploads\/2023\/01\/Coperta-De-la-Badea-Cartan-la-Blond-007.jpg 696w, http:\/\/www.travellermagazin.ro\/arhiva\/wp-content\/uploads\/2023\/01\/Coperta-De-la-Badea-Cartan-la-Blond-007-213x300.jpg 213w\" sizes=\"auto, (max-width: 230px) 100vw, 230px\" \/><\/a><\/p>\n<p align=\"LEFT\"><span style=\"font-size: large;\"><span lang=\"en-US\"><span lang=\"ro-RO\">O fascinant\u0103 explorare a turismului rom\u00e2nesc, despre \u00eenv\u00e2rtirea \u00een cerc a unei lumii care se \u00eenc\u0103p\u0103\u021b\u00e2neaz\u0103 s\u0103 inventeze ceea ce a fost deja inventat. O c\u0103l\u0103torie printre ideile ultimelor 3 decenii care deseori te las\u0103 perplex dar \u0219i te face s\u0103 r\u00e2zi pe s\u0103turate. (220 pagini &#8211; 40 lei).<br \/>\nComenzi la e-mail: <a href=\"mailto:editor@travellermagazin.ro\" target=\"_blank\" rel=\"noopener noreferrer\">editor@travellermagazin.ro<\/a><br \/>\n<\/span><\/span><\/span><\/p>\n<p align=\"LEFT\">&#8230;&#8230;&#8230;&#8230;&#8230;&#8230;&#8230;&#8230;&#8230;&#8230;&#8230;&#8230;&#8230;&#8230;&#8230;&#8230;&#8230;&#8230;&#8230;&#8230;&#8230;&#8230;&#8230;&#8230;&#8230;&#8230;&#8230;&#8230;&#8230;&#8230;&#8230;&#8230;&#8230;&#8230;&#8230;&#8230;&#8230;&#8230;&#8230;&#8230;&#8230;..<\/p>\n<p><strong>Cine lasa usile deschise in turism<\/strong><br \/>\n<a href=\"http:\/\/www.travellermagazin.ro\/arhiva\/wp-content\/uploads\/2011\/07\/cine_lasa_usile_deschise_turism1.jpg\"><img loading=\"lazy\" decoding=\"async\" class=\"alignleft size-medium wp-image-467\" title=\"cine_lasa_usile_deschise_turism1\" src=\"http:\/\/www.travellermagazin.ro\/arhiva\/wp-content\/uploads\/2011\/07\/cine_lasa_usile_deschise_turism1-213x300.jpg\" alt=\"\" width=\"213\" height=\"300\" srcset=\"http:\/\/www.travellermagazin.ro\/arhiva\/wp-content\/uploads\/2011\/07\/cine_lasa_usile_deschise_turism1-213x300.jpg 213w, http:\/\/www.travellermagazin.ro\/arhiva\/wp-content\/uploads\/2011\/07\/cine_lasa_usile_deschise_turism1-729x1024.jpg 729w, http:\/\/www.travellermagazin.ro\/arhiva\/wp-content\/uploads\/2011\/07\/cine_lasa_usile_deschise_turism1.jpg 1024w\" sizes=\"auto, (max-width: 213px) 100vw, 213px\" \/><\/a>O carte de 24 de carate despre viata secreta a hotelierilor. 180 de pagini, 35 de lei. <strong>Tiraj epuizat<\/strong>.<br \/>\nComenzi la e-mail: <a href=\"mailto:editor@travellermagazin.ro\" target=\"_blank\" rel=\"noopener noreferrer\"><span style=\"text-decoration: underline;\">editor<\/span><span style=\"text-decoration: underline;\">@travellermagazin.ro<\/span><\/a><\/p>\n<p>&nbsp;<\/p>\n<p>&nbsp;<\/p>\n<p>&nbsp;<\/p>\n<p>&nbsp;<\/p>\n<p>&nbsp;<\/p>\n<p>&#8230;&#8230;&#8230;&#8230;&#8230;&#8230;&#8230;&#8230;&#8230;&#8230;&#8230;&#8230;&#8230;&#8230;&#8230;&#8230;&#8230;&#8230;&#8230;&#8230;&#8230;&#8230;&#8230;&#8230;&#8230;&#8230;&#8230;&#8230;&#8230;&#8230;&#8230;&#8230;&#8230;&#8230;&#8230;&#8230;&#8230;&#8230;&#8230;&#8230;&#8230;..<br \/>\n<strong>In cautarea lupiilor tineri &#8211; dupa 10 ani!<\/strong><br \/>\n<a href=\"http:\/\/www.travellermagazin.ro\/arhiva\/wp-content\/uploads\/2011\/07\/in_cautarea_lupilor_tineri2.jpg\"><img loading=\"lazy\" decoding=\"async\" class=\"alignleft size-medium wp-image-470\" title=\"in_cautarea_lupilor_tineri2\" src=\"http:\/\/www.travellermagazin.ro\/arhiva\/wp-content\/uploads\/2011\/07\/in_cautarea_lupilor_tineri2-200x300.jpg\" alt=\"\" width=\"200\" height=\"300\" srcset=\"http:\/\/www.travellermagazin.ro\/arhiva\/wp-content\/uploads\/2011\/07\/in_cautarea_lupilor_tineri2-200x300.jpg 200w, http:\/\/www.travellermagazin.ro\/arhiva\/wp-content\/uploads\/2011\/07\/in_cautarea_lupilor_tineri2-685x1024.jpg 685w, http:\/\/www.travellermagazin.ro\/arhiva\/wp-content\/uploads\/2011\/07\/in_cautarea_lupilor_tineri2.jpg 1024w\" sizes=\"auto, (max-width: 200px) 100vw, 200px\" \/><\/a>C\u0103r\u0163ile lupilor tineri sunt o incursiune fascinant\u0103 \u00een via\u0163a privat\u0103 a agen\u0163iilor de turism. 290 de pagini, 35 de lei. Tiraj disponibil.<br \/>\nComenzi la e-mail: <a href=\"mailto:editor@travellermagazin.ro\">editor@travellermagazin.ro<\/a><\/p>\n<p>&nbsp;<\/p>\n<p>&#8230;&#8230;&#8230;&#8230;&#8230;&#8230;&#8230;&#8230;&#8230;&#8230;&#8230;&#8230;&#8230;&#8230;&#8230;&#8230;&#8230;&#8230;&#8230;&#8230;&#8230;&#8230;&#8230;&#8230;&#8230;&#8230;&#8230;&#8230;&#8230;&#8230;&#8230;&#8230;&#8230;&#8230;&#8230;&#8230;&#8230;&#8230;&#8230;&#8230;&#8230;..<br \/>\n<strong>Abecedarul italian de colorat<\/strong><br \/>\n<a href=\"http:\/\/www.travellermagazin.ro\/arhiva\/wp-content\/uploads\/2011\/07\/abecedar_colorat3.jpg\"><img loading=\"lazy\" decoding=\"async\" class=\"alignleft size-medium wp-image-472\" title=\"abecedar_colorat3\" src=\"http:\/\/www.travellermagazin.ro\/arhiva\/wp-content\/uploads\/2011\/07\/abecedar_colorat3-210x300.jpg\" alt=\"\" width=\"210\" height=\"300\" srcset=\"http:\/\/www.travellermagazin.ro\/arhiva\/wp-content\/uploads\/2011\/07\/abecedar_colorat3-210x300.jpg 210w, http:\/\/www.travellermagazin.ro\/arhiva\/wp-content\/uploads\/2011\/07\/abecedar_colorat3-720x1024.jpg 720w, http:\/\/www.travellermagazin.ro\/arhiva\/wp-content\/uploads\/2011\/07\/abecedar_colorat3.jpg 1024w\" sizes=\"auto, (max-width: 210px) 100vw, 210px\" \/><\/a>Abecedarul italian de colorat \u2013 o surpriz\u0103 pentru copii. 35 pagini, 10 lei. Tiraj disponibil.<br \/>\nComenzi la e-mail: <a href=\"mailto:editor@travellermagazin.ro\">editor@travellermagazin.ro<\/a><\/p>\n<p>&nbsp;<\/p>\n<p>&#8230;&#8230;&#8230;&#8230;&#8230;&#8230;&#8230;&#8230;&#8230;&#8230;&#8230;&#8230;&#8230;&#8230;&#8230;&#8230;&#8230;&#8230;&#8230;&#8230;&#8230;&#8230;&#8230;&#8230;&#8230;&#8230;&#8230;&#8230;&#8230;&#8230;&#8230;&#8230;&#8230;&#8230;&#8230;&#8230;&#8230;&#8230;&#8230;&#8230;&#8230;..<br \/>\n<strong>Dezechilibrele anului<\/strong><br \/>\n<a href=\"http:\/\/www.travellermagazin.ro\/arhiva\/wp-content\/uploads\/2011\/07\/luigi_preti4.jpg\"><img loading=\"lazy\" decoding=\"async\" class=\"alignleft size-medium wp-image-474\" title=\"luigi_preti4\" src=\"http:\/\/www.travellermagazin.ro\/arhiva\/wp-content\/uploads\/2011\/07\/luigi_preti4-178x300.jpg\" alt=\"\" width=\"178\" height=\"300\" srcset=\"http:\/\/www.travellermagazin.ro\/arhiva\/wp-content\/uploads\/2011\/07\/luigi_preti4-178x300.jpg 178w, http:\/\/www.travellermagazin.ro\/arhiva\/wp-content\/uploads\/2011\/07\/luigi_preti4-608x1024.jpg 608w, http:\/\/www.travellermagazin.ro\/arhiva\/wp-content\/uploads\/2011\/07\/luigi_preti4.jpg 1024w\" sizes=\"auto, (max-width: 178px) 100vw, 178px\" \/><\/a>Afla\u0163i cum arat\u0103 avatarurile planetei. 100 de pagini, 10 lei.<br \/>\nTiraj \u00een curs de epuizare.<br \/>\nComenzi la e-mail: <a href=\"mailto:editor@travellermagazin.ro\">editor@travellermagazin.ro<\/a><\/p>\n<p>&#8230;&#8230;&#8230;&#8230;&#8230;&#8230;&#8230;&#8230;&#8230;&#8230;&#8230;&#8230;&#8230;&#8230;&#8230;&#8230;&#8230;&#8230;&#8230;&#8230;&#8230;&#8230;&#8230;&#8230;&#8230;&#8230;&#8230;&#8230;&#8230;&#8230;&#8230;&#8230;&#8230;&#8230;&#8230;&#8230;&#8230;&#8230;&#8230;&#8230;&#8230;..<br \/>\n<strong>Fiziologia gustului<\/strong><br \/>\n<a href=\"http:\/\/www.travellermagazin.ro\/arhiva\/wp-content\/uploads\/2011\/07\/fiziologia_gustului5.jpg\"><img loading=\"lazy\" decoding=\"async\" class=\"alignleft size-medium wp-image-476\" title=\"fiziologia_gustului5\" src=\"http:\/\/www.travellermagazin.ro\/arhiva\/wp-content\/uploads\/2011\/07\/fiziologia_gustului5-208x300.jpg\" alt=\"\" width=\"208\" height=\"300\" srcset=\"http:\/\/www.travellermagazin.ro\/arhiva\/wp-content\/uploads\/2011\/07\/fiziologia_gustului5-208x300.jpg 208w, http:\/\/www.travellermagazin.ro\/arhiva\/wp-content\/uploads\/2011\/07\/fiziologia_gustului5-712x1024.jpg 712w, http:\/\/www.travellermagazin.ro\/arhiva\/wp-content\/uploads\/2011\/07\/fiziologia_gustului5.jpg 1024w\" sizes=\"auto, (max-width: 208px) 100vw, 208px\" \/><\/a>Povestea celui care a inventat&#8230; savarina. 300 de pagini, 25 de lei. Tiraj epuizat.<br \/>\nComenzi la e-mail: <a href=\"mailto:editor@travellermagazin.ro\">editor@travellermagazin.ro<\/a><\/p>\n","protected":false},"excerpt":{"rendered":"<p>Post Views = 3150NOU! NOU! NOU! \u00a0De la Badea C\u00e2r\u021ban la Blond 007 O fascinant\u0103 explorare a turismului rom\u00e2nesc, despre \u00eenv\u00e2rtirea \u00een cerc a unei lumii care se \u00eenc\u0103p\u0103\u021b\u00e2neaz\u0103 s\u0103 inventeze ceea ce a fost deja inventat. O c\u0103l\u0103torie printre &hellip; <a href=\"http:\/\/www.travellermagazin.ro\/arhiva\/carti-de-vanzare\/\">Continu\u0103 s\u0103 cite\u0219ti <span class=\"meta-nav\">&rarr;<\/span><\/a><\/p>\n","protected":false},"author":1,"featured_media":0,"parent":0,"menu_order":0,"comment_status":"open","ping_status":"open","template":"","meta":{"footnotes":""},"class_list":["post-465","page","type-page","status-publish","hentry"],"_links":{"self":[{"href":"http:\/\/www.travellermagazin.ro\/arhiva\/wp-json\/wp\/v2\/pages\/465","targetHints":{"allow":["GET"]}}],"collection":[{"href":"http:\/\/www.travellermagazin.ro\/arhiva\/wp-json\/wp\/v2\/pages"}],"about":[{"href":"http:\/\/www.travellermagazin.ro\/arhiva\/wp-json\/wp\/v2\/types\/page"}],"author":[{"embeddable":true,"href":"http:\/\/www.travellermagazin.ro\/arhiva\/wp-json\/wp\/v2\/users\/1"}],"replies":[{"embeddable":true,"href":"http:\/\/www.travellermagazin.ro\/arhiva\/wp-json\/wp\/v2\/comments?post=465"}],"version-history":[{"count":21,"href":"http:\/\/www.travellermagazin.ro\/arhiva\/wp-json\/wp\/v2\/pages\/465\/revisions"}],"predecessor-version":[{"id":7429,"href":"http:\/\/www.travellermagazin.ro\/arhiva\/wp-json\/wp\/v2\/pages\/465\/revisions\/7429"}],"wp:attachment":[{"href":"http:\/\/www.travellermagazin.ro\/arhiva\/wp-json\/wp\/v2\/media?parent=465"}],"curies":[{"name":"wp","href":"https:\/\/api.w.org\/{rel}","templated":true}]}}