{"id":3722,"date":"2015-07-04T12:33:18","date_gmt":"2015-07-04T10:33:18","guid":{"rendered":"http:\/\/www.travellermagazin.ro\/arhiva\/?page_id=3722"},"modified":"2023-01-22T14:56:40","modified_gmt":"2023-01-22T12:56:40","slug":"the-publisher-convexux-2000","status":"publish","type":"page","link":"http:\/\/www.travellermagazin.ro\/arhiva\/english-version\/the-publisher-convexux-2000\/","title":{"rendered":"The publisher &#8211; Convexux 2000"},"content":{"rendered":"<a  href='http:\/\/www.travellermagazin.ro\/arhiva\/wp-admin\/options-general.php?page=post_views' class='entry-meta' style='text-align:center'><b>Post Views<\/a><\/b> = 4071<br\/><p>CONVEXUS 2000 IMPEX SRL is a publishing and advertising house founded in 1992.Its activities concentrated on producing two tourism publications: <strong>ZIUA TURISTIC\u0102 (1997-2002) and TRAVELLER MAGAZIN<\/strong>. ZIUA TURISTIC\u0102 appeared in a partnership with Omega Press Investment the editor of ZIUA daily newspaper. It has been the first modern weekly travel magazine in Romania.Starting 2004 a new registered brand was launched on the market: TRAVELLER MAGAZIN \u2013 monthly magazine of the hospitality industry in Romania. The editorial team continued its experience in the first publication, developing it in a professional high-standard format.<\/p>\n<p><strong>CONVEXUS 2000 <\/strong>started and developed various publicity campaigns, sustaining the image of prestigious institutions and business groups: tourism authorities or ministries of countries like Romania, Hungary, Cyprus, South Africa, Greece, USA, Turkey, Thailand; The National Association of Travel Agents (ANAT), The National Association of Tourism Chefs and Cooks (ANBCT), The Federation of Hotel Industry in Romania (FIHR), The Federation f Patronages in Romanian Tourism (FPTR), The National Association for Rural, Ecologic and Cultural Tourism (ANTREC); Accor (Sofitel, Novotel, Ibis), CHIR Inter-Continental, Continental Hotels, Majestic-Ramada, Minerva, Bucure\u015fti SA, Ambasador SA, Capitol SA, Capital Plaza, Phoenicia Hotels, Peacock Hotels, Concept Hotels, Fivestar Hospitality, <a href=\"http:\/\/www.inotravelromania.ro\" target=\"_blank\" rel=\"noopener noreferrer\">InfoTravelRomania<\/a>, Danubius Travel Agency \u2013TUI, Accent Travel &amp; Events, Transilvania Travel, Mamaia SA, Olimpic Interna\u0163ional, Aerotravel, Happy Tour, Atlantic Tour, Nova Touring, ING Development, Paralela 45, Prestige Tour, Marshal, Eximtur, Mareea, Blue Line, ONT Carpa\u0163i, Invitation Romania, Dagecom, Ali Baba GTC, Malta Travel, Magellan Turism, Worldspan, Travelport, THR-CG, Air France, Blue Air, Romanian Airport Services, Emirates, Czech Airlines, Romexpo, Apel Industries, TC Net, Elite Guard, Compaq, Epson etc.<\/p>\n<p>Regarding the book titles edited since 1992, CONVEXUS 2000 had at first a generic concept, launching children books (Primul meu alfabet de colorat \u2013 Adriana L\u0103z\u0103rescu \u2013 two editions, one in French and another one in Italian, in 1994 and 2002; Regina Nop\u0163ilor \u2013 Marian Constantinescu, 1996); poetry (Paradisul de pia\u0163\u0103 \u2013 Marian Constantinescu, 1992), literature (Romanii la Herculane \u2013 Vasile B\u0103ran, 2003), political sciences (Dezechilibrele anului 2000 \u2013 Luigi Preti, 1999), gastronomy (Fiziologia gustului \u2013 medita\u0163ii gastronomice, by Brillat de Savarin, illustrated edition, coordinated by Adriana L\u0103z\u0103rescu, 2003) etc.<\/p>\n<p>The publishing house specialized in tourism books, facing a great success. The volumes, signed by the well known tourism writer Marian Constantinescu, became best-sellers, short after being edited: \u201c\u00cen turism e vremea lupilor tineri\u201d-1997, \u201cTurismul \u2013 a cincea roat\u0103 la c\u0103ru\u0163\u0103\u201d-2003, \u201c\u00cen c\u0103utarea lupilor tineri \u2013 dup\u0103 10 ani\u201d-2008, \u201cCine las\u0103 u\u015file deschise \u00een turism\u201d-2009. A part of these titles received national and international distinctions.<\/p>\n","protected":false},"excerpt":{"rendered":"<p>Post Views = 4071CONVEXUS 2000 IMPEX SRL is a publishing and advertising house founded in 1992.Its activities concentrated on producing two tourism publications: ZIUA TURISTIC\u0102 (1997-2002) and TRAVELLER MAGAZIN. ZIUA TURISTIC\u0102 appeared in a partnership with Omega Press Investment the &hellip; <a href=\"http:\/\/www.travellermagazin.ro\/arhiva\/english-version\/the-publisher-convexux-2000\/\">Continu\u0103 s\u0103 cite\u0219ti <span class=\"meta-nav\">&rarr;<\/span><\/a><\/p>\n","protected":false},"author":1,"featured_media":0,"parent":3715,"menu_order":4,"comment_status":"open","ping_status":"open","template":"twocolumn-page.php","meta":{"footnotes":""},"class_list":["post-3722","page","type-page","status-publish","hentry"],"_links":{"self":[{"href":"http:\/\/www.travellermagazin.ro\/arhiva\/wp-json\/wp\/v2\/pages\/3722","targetHints":{"allow":["GET"]}}],"collection":[{"href":"http:\/\/www.travellermagazin.ro\/arhiva\/wp-json\/wp\/v2\/pages"}],"about":[{"href":"http:\/\/www.travellermagazin.ro\/arhiva\/wp-json\/wp\/v2\/types\/page"}],"author":[{"embeddable":true,"href":"http:\/\/www.travellermagazin.ro\/arhiva\/wp-json\/wp\/v2\/users\/1"}],"replies":[{"embeddable":true,"href":"http:\/\/www.travellermagazin.ro\/arhiva\/wp-json\/wp\/v2\/comments?post=3722"}],"version-history":[{"count":3,"href":"http:\/\/www.travellermagazin.ro\/arhiva\/wp-json\/wp\/v2\/pages\/3722\/revisions"}],"predecessor-version":[{"id":7289,"href":"http:\/\/www.travellermagazin.ro\/arhiva\/wp-json\/wp\/v2\/pages\/3722\/revisions\/7289"}],"up":[{"embeddable":true,"href":"http:\/\/www.travellermagazin.ro\/arhiva\/wp-json\/wp\/v2\/pages\/3715"}],"wp:attachment":[{"href":"http:\/\/www.travellermagazin.ro\/arhiva\/wp-json\/wp\/v2\/media?parent=3722"}],"curies":[{"name":"wp","href":"https:\/\/api.w.org\/{rel}","templated":true}]}}